{"id":466,"date":"2025-07-09T23:02:26","date_gmt":"2025-07-09T21:02:26","guid":{"rendered":"https:\/\/innovations4market.com\/walterbruck-neu\/walter-bruck-comming-soon\/"},"modified":"2025-07-10T01:32:11","modified_gmt":"2025-07-09T23:32:11","slug":"walter-bruck-comming-soon","status":"publish","type":"page","link":"https:\/\/innovations4market.com\/walterbruck-neu\/walter-bruck-comming-soon\/","title":{"rendered":"Walter Bruck comming soon"},"content":{"rendered":"<p style=\"text-align: center;\"><span style=\"font-family: Poppins; font-weight: 400;\"><strong>Webseite geht live<\/strong><\/span><\/p>\n<p style=\"text-align: center;\"><span style=\"font-family: Poppins; font-weight: 400;\"><strong><\/strong><\/span><span style=\"font-family: Poppins; font-weight: 400;\"><\/span><\/p>\n<p style=\"text-align: center;\"><strong><span style=\"color: rgb(255, 217, 160);\">am&nbsp;<\/span><span style=\"color: rgba(255, 217, 160, 0.5); font-family: Hind; font-weight: 300;\"><\/span><span style=\"color: rgb(255, 255, 255);\">31. Juli 2025<\/span><\/strong><\/p>\n<p style=\"text-align: center;\"><span style=\"font-weight: normal;\">Sei dabei und <\/span><span style=\"\"><strong>erfahre<\/strong><\/span><span style=\"font-weight: normal;\">:<\/span><\/p>\n<p style=\"text-align: center;\"><strong>als Unternehmer und F\u00fchrungskraft<\/strong>&#8211; welche die Welt jeden Tag ein St\u00fcck besser macht &#8211;<\/p>\n<p style=\"text-align: center;\">&nbsp;<\/p>\n<p style=\"text-align: center;\"><strong>Wie du&nbsp;<\/strong><strong>deine Wirkkraft <strong>verst\u00e4rkst.<\/strong><\/strong><strong><strong><strong><strong>&#8211; mit noch mehr Freude und Leichtigkeit &#8211;<\/strong><\/strong><\/strong><\/strong><\/p>\n<p style=\"text-align: center;\"><strong><\/strong><\/p>\n<p style=\"text-align: center;\">\n<p style=\"text-align: center;\"><strong><\/strong>Danke f\u00fcr dein Wirken jeden Tag.<\/p>\n","protected":false},"excerpt":{"rendered":"<p>Webseite geht live am&nbsp;31. Juli 2025 Sei dabei und erfahre: als Unternehmer und F\u00fchrungskraft&#8211; welche die Welt jeden Tag ein St\u00fcck besser macht &#8211; &nbsp; Wie du&nbsp;deine Wirkkraft verst\u00e4rkst.&#8211; mit noch mehr Freude und Leichtigkeit &#8211; Danke f\u00fcr dein Wirken jeden Tag.<\/p>\n","protected":false},"author":2,"featured_media":0,"parent":0,"menu_order":0,"comment_status":"closed","ping_status":"closed","template":"","meta":{"footnotes":"","tve_updated_post":"","tve_custom_css":"","tve_user_custom_css":"","tve_globals":{},"tcb2_ready":1,"tcb_editor_enabled":1,"tve_landing_page":"a05981d973d1c17c4cbac5c92fd511d1","_tve_header":"0","_tve_footer":"0"},"class_list":["post-466","page","type-page","status-publish","hentry","post-wrapper","thrv_wrapper"],"yoast_head":"<!-- This site is optimized with the Yoast SEO plugin v27.5 - https:\/\/yoast.com\/product\/yoast-seo-wordpress\/ -->\n<title>Walter Bruck comming soon - Walter Bruck 100 Prozent<\/title>\n<meta name=\"robots\" content=\"index, follow, max-snippet:-1, max-image-preview:large, max-video-preview:-1\" \/>\n<link rel=\"canonical\" href=\"https:\/\/innovations4market.com\/walterbruck-neu\/walter-bruck-comming-soon\/\" \/>\n<meta property=\"og:locale\" content=\"de_DE\" \/>\n<meta property=\"og:type\" content=\"article\" \/>\n<meta property=\"og:title\" content=\"Walter Bruck comming soon - Walter Bruck 100 Prozent\" \/>\n<meta property=\"og:description\" content=\"Webseite geht live am&nbsp;31. Juli 2025 Sei dabei und erfahre: als Unternehmer und F\u00fchrungskraft&#8211; welche die Welt jeden Tag ein St\u00fcck besser macht &#8211; &nbsp; Wie du&nbsp;deine Wirkkraft verst\u00e4rkst.&#8211; mit noch mehr Freude und Leichtigkeit &#8211; Danke f\u00fcr dein Wirken jeden Tag.\" \/>\n<meta property=\"og:url\" content=\"https:\/\/innovations4market.com\/walterbruck-neu\/walter-bruck-comming-soon\/\" \/>\n<meta property=\"og:site_name\" content=\"Walter Bruck 100 Prozent\" \/>\n<meta property=\"article:modified_time\" content=\"2025-07-09T23:32:11+00:00\" \/>\n<meta name=\"twitter:card\" content=\"summary_large_image\" \/>\n<script type=\"application\/ld+json\" class=\"yoast-schema-graph\">{\"@context\":\"https:\\\/\\\/schema.org\",\"@graph\":[{\"@type\":\"WebPage\",\"@id\":\"https:\\\/\\\/innovations4market.com\\\/walterbruck-neu\\\/walter-bruck-comming-soon\\\/\",\"url\":\"https:\\\/\\\/innovations4market.com\\\/walterbruck-neu\\\/walter-bruck-comming-soon\\\/\",\"name\":\"Walter Bruck comming soon - Walter Bruck 100 Prozent\",\"isPartOf\":{\"@id\":\"https:\\\/\\\/innovations4market.com\\\/walterbruck-neu\\\/#website\"},\"datePublished\":\"2025-07-09T21:02:26+00:00\",\"dateModified\":\"2025-07-09T23:32:11+00:00\",\"breadcrumb\":{\"@id\":\"https:\\\/\\\/innovations4market.com\\\/walterbruck-neu\\\/walter-bruck-comming-soon\\\/#breadcrumb\"},\"inLanguage\":\"de\",\"potentialAction\":[{\"@type\":\"ReadAction\",\"target\":[\"https:\\\/\\\/innovations4market.com\\\/walterbruck-neu\\\/walter-bruck-comming-soon\\\/\"]}]},{\"@type\":\"BreadcrumbList\",\"@id\":\"https:\\\/\\\/innovations4market.com\\\/walterbruck-neu\\\/walter-bruck-comming-soon\\\/#breadcrumb\",\"itemListElement\":[{\"@type\":\"ListItem\",\"position\":1,\"name\":\"Startseite\",\"item\":\"https:\\\/\\\/innovations4market.com\\\/walterbruck-neu\\\/\"},{\"@type\":\"ListItem\",\"position\":2,\"name\":\"Walter Bruck comming soon\"}]},{\"@type\":\"WebSite\",\"@id\":\"https:\\\/\\\/innovations4market.com\\\/walterbruck-neu\\\/#website\",\"url\":\"https:\\\/\\\/innovations4market.com\\\/walterbruck-neu\\\/\",\"name\":\"DSGVO Navigator\",\"description\":\"Tipps f\u00fcr eine effektive Umsetzung der DSGVO\",\"potentialAction\":[{\"@type\":\"SearchAction\",\"target\":{\"@type\":\"EntryPoint\",\"urlTemplate\":\"https:\\\/\\\/innovations4market.com\\\/walterbruck-neu\\\/?s={search_term_string}\"},\"query-input\":{\"@type\":\"PropertyValueSpecification\",\"valueRequired\":true,\"valueName\":\"search_term_string\"}}],\"inLanguage\":\"de\"}]}<\/script>\n<!-- \/ Yoast SEO plugin. -->","yoast_head_json":{"title":"Walter Bruck comming soon - Walter Bruck 100 Prozent","robots":{"index":"index","follow":"follow","max-snippet":"max-snippet:-1","max-image-preview":"max-image-preview:large","max-video-preview":"max-video-preview:-1"},"canonical":"https:\/\/innovations4market.com\/walterbruck-neu\/walter-bruck-comming-soon\/","og_locale":"de_DE","og_type":"article","og_title":"Walter Bruck comming soon - Walter Bruck 100 Prozent","og_description":"Webseite geht live am&nbsp;31. Juli 2025 Sei dabei und erfahre: als Unternehmer und F\u00fchrungskraft&#8211; welche die Welt jeden Tag ein St\u00fcck besser macht &#8211; &nbsp; Wie du&nbsp;deine Wirkkraft verst\u00e4rkst.&#8211; mit noch mehr Freude und Leichtigkeit &#8211; Danke f\u00fcr dein Wirken jeden Tag.","og_url":"https:\/\/innovations4market.com\/walterbruck-neu\/walter-bruck-comming-soon\/","og_site_name":"Walter Bruck 100 Prozent","article_modified_time":"2025-07-09T23:32:11+00:00","twitter_card":"summary_large_image","schema":{"@context":"https:\/\/schema.org","@graph":[{"@type":"WebPage","@id":"https:\/\/innovations4market.com\/walterbruck-neu\/walter-bruck-comming-soon\/","url":"https:\/\/innovations4market.com\/walterbruck-neu\/walter-bruck-comming-soon\/","name":"Walter Bruck comming soon - Walter Bruck 100 Prozent","isPartOf":{"@id":"https:\/\/innovations4market.com\/walterbruck-neu\/#website"},"datePublished":"2025-07-09T21:02:26+00:00","dateModified":"2025-07-09T23:32:11+00:00","breadcrumb":{"@id":"https:\/\/innovations4market.com\/walterbruck-neu\/walter-bruck-comming-soon\/#breadcrumb"},"inLanguage":"de","potentialAction":[{"@type":"ReadAction","target":["https:\/\/innovations4market.com\/walterbruck-neu\/walter-bruck-comming-soon\/"]}]},{"@type":"BreadcrumbList","@id":"https:\/\/innovations4market.com\/walterbruck-neu\/walter-bruck-comming-soon\/#breadcrumb","itemListElement":[{"@type":"ListItem","position":1,"name":"Startseite","item":"https:\/\/innovations4market.com\/walterbruck-neu\/"},{"@type":"ListItem","position":2,"name":"Walter Bruck comming soon"}]},{"@type":"WebSite","@id":"https:\/\/innovations4market.com\/walterbruck-neu\/#website","url":"https:\/\/innovations4market.com\/walterbruck-neu\/","name":"DSGVO Navigator","description":"Tipps f\u00fcr eine effektive Umsetzung der DSGVO","potentialAction":[{"@type":"SearchAction","target":{"@type":"EntryPoint","urlTemplate":"https:\/\/innovations4market.com\/walterbruck-neu\/?s={search_term_string}"},"query-input":{"@type":"PropertyValueSpecification","valueRequired":true,"valueName":"search_term_string"}}],"inLanguage":"de"}]}},"_links":{"self":[{"href":"https:\/\/innovations4market.com\/walterbruck-neu\/wp-json\/wp\/v2\/pages\/466","targetHints":{"allow":["GET"]}}],"collection":[{"href":"https:\/\/innovations4market.com\/walterbruck-neu\/wp-json\/wp\/v2\/pages"}],"about":[{"href":"https:\/\/innovations4market.com\/walterbruck-neu\/wp-json\/wp\/v2\/types\/page"}],"author":[{"embeddable":true,"href":"https:\/\/innovations4market.com\/walterbruck-neu\/wp-json\/wp\/v2\/users\/2"}],"replies":[{"embeddable":true,"href":"https:\/\/innovations4market.com\/walterbruck-neu\/wp-json\/wp\/v2\/comments?post=466"}],"version-history":[{"count":25,"href":"https:\/\/innovations4market.com\/walterbruck-neu\/wp-json\/wp\/v2\/pages\/466\/revisions"}],"predecessor-version":[{"id":503,"href":"https:\/\/innovations4market.com\/walterbruck-neu\/wp-json\/wp\/v2\/pages\/466\/revisions\/503"}],"wp:attachment":[{"href":"https:\/\/innovations4market.com\/walterbruck-neu\/wp-json\/wp\/v2\/media?parent=466"}],"curies":[{"name":"wp","href":"https:\/\/api.w.org\/{rel}","templated":true}]}}